{"id":16270,"date":"2020-08-09T16:07:01","date_gmt":"2020-08-09T14:07:01","guid":{"rendered":"http:\/\/atelier-moneo.be\/?page_id=16270"},"modified":"2026-04-19T14:01:50","modified_gmt":"2026-04-19T12:01:50","slug":"atelier","status":"publish","type":"page","link":"https:\/\/atelier-moneo.be\/index.php\/atelier\/","title":{"rendered":"&#8230; mone\u014d &#8230;"},"content":{"rendered":"\t\t<div data-elementor-type=\"wp-page\" data-elementor-id=\"16270\" class=\"elementor elementor-16270\" data-elementor-post-type=\"page\">\n\t\t\t\t\t\t<section class=\"elementor-section elementor-top-section elementor-element elementor-element-15e60f1 elementor-section-height-min-height elementor-section-boxed elementor-section-height-default elementor-section-items-middle wpr-particle-no wpr-jarallax-no wpr-parallax-no wpr-sticky-section-no parallax_section_no qode_elementor_container_no\" data-id=\"15e60f1\" data-element_type=\"section\" data-e-type=\"section\" data-settings=\"{&quot;background_background&quot;:&quot;classic&quot;}\">\n\t\t\t\t\t\t<div class=\"elementor-container elementor-column-gap-default\">\n\t\t\t\t\t<div class=\"elementor-column elementor-col-100 elementor-top-column elementor-element elementor-element-b12b87f\" data-id=\"b12b87f\" data-element_type=\"column\" data-e-type=\"column\">\n\t\t\t<div class=\"elementor-widget-wrap elementor-element-populated\">\n\t\t\t\t\t\t<div class=\"elementor-element elementor-element-23efb1a elementor-shape-rounded elementor-grid-0 e-grid-align-center elementor-widget elementor-widget-social-icons\" data-id=\"23efb1a\" data-element_type=\"widget\" data-e-type=\"widget\" data-widget_type=\"social-icons.default\">\n\t\t\t\t<div class=\"elementor-widget-container\">\n\t\t\t\t\t\t\t<div class=\"elementor-social-icons-wrapper elementor-grid\">\n\t\t\t\t\t\t\t<span class=\"elementor-grid-item\">\n\t\t\t\t\t<a class=\"elementor-icon elementor-social-icon elementor-social-icon-linkedin elementor-animation-grow elementor-repeater-item-6d92b15\" target=\"_blank\">\n\t\t\t\t\t\t<span class=\"elementor-screen-only\">Linkedin<\/span>\n\t\t\t\t\t\t<i aria-hidden=\"true\" class=\"fab fa-linkedin\"><\/i>\t\t\t\t\t<\/a>\n\t\t\t\t<\/span>\n\t\t\t\t\t<\/div>\n\t\t\t\t\t\t<\/div>\n\t\t\t\t<\/div>\n\t\t\t\t\t<\/div>\n\t\t<\/div>\n\t\t\t\t\t<\/div>\n\t\t<\/section>\n\t\t\t\t<section class=\"elementor-section elementor-top-section elementor-element elementor-element-3a9f288 elementor-section-boxed elementor-section-height-default elementor-section-height-default wpr-particle-no wpr-jarallax-no wpr-parallax-no wpr-sticky-section-no parallax_section_no qode_elementor_container_no\" data-id=\"3a9f288\" data-element_type=\"section\" data-e-type=\"section\" data-settings=\"{&quot;background_background&quot;:&quot;classic&quot;}\">\n\t\t\t\t\t\t<div class=\"elementor-container elementor-column-gap-default\">\n\t\t\t\t\t<div class=\"elementor-column elementor-col-100 elementor-top-column elementor-element elementor-element-65816ba\" data-id=\"65816ba\" data-element_type=\"column\" data-e-type=\"column\">\n\t\t\t<div class=\"elementor-widget-wrap elementor-element-populated\">\n\t\t\t\t\t\t<div class=\"elementor-element elementor-element-59c6017 elementor-widget elementor-widget-heading\" data-id=\"59c6017\" data-element_type=\"widget\" data-e-type=\"widget\" data-widget_type=\"heading.default\">\n\t\t\t\t<div class=\"elementor-widget-container\">\n\t\t\t\t\t<h6 class=\"elementor-heading-title elementor-size-default\"><span style=\"text-align: start;white-space: normal;font-size: 36pt;font-family: Baskerville, serif\">atelier mone\u014d<\/span><span style=\"font-size: medium;text-align: start;white-space: normal\"><\/span><\/h6>\t\t\t\t<\/div>\n\t\t\t\t<\/div>\n\t\t\t\t\t<\/div>\n\t\t<\/div>\n\t\t\t\t\t<\/div>\n\t\t<\/section>\n\t\t\t\t<section class=\"elementor-section elementor-top-section elementor-element elementor-element-d8418ca elementor-section-boxed elementor-section-height-default elementor-section-height-default wpr-particle-no wpr-jarallax-no wpr-parallax-no wpr-sticky-section-no parallax_section_no qode_elementor_container_no\" data-id=\"d8418ca\" data-element_type=\"section\" data-e-type=\"section\" data-settings=\"{&quot;background_background&quot;:&quot;classic&quot;}\">\n\t\t\t\t\t\t<div class=\"elementor-container elementor-column-gap-default\">\n\t\t\t\t\t<div class=\"elementor-column elementor-col-100 elementor-top-column elementor-element elementor-element-9d80d2b\" data-id=\"9d80d2b\" data-element_type=\"column\" data-e-type=\"column\">\n\t\t\t<div class=\"elementor-widget-wrap elementor-element-populated\">\n\t\t\t\t\t\t<div class=\"elementor-element elementor-element-c37c967 elementor-widget elementor-widget-heading\" data-id=\"c37c967\" data-element_type=\"widget\" data-e-type=\"widget\" data-widget_type=\"heading.default\">\n\t\t\t\t<div class=\"elementor-widget-container\">\n\t\t\t\t\t<h6 class=\"elementor-heading-title elementor-size-default\">architecture &amp; patrimoine<\/h6>\t\t\t\t<\/div>\n\t\t\t\t<\/div>\n\t\t\t\t\t<\/div>\n\t\t<\/div>\n\t\t\t\t\t<\/div>\n\t\t<\/section>\n\t\t\t\t<section class=\"elementor-section elementor-top-section elementor-element elementor-element-cc24e2a elementor-section-boxed elementor-section-height-default elementor-section-height-default wpr-particle-no wpr-jarallax-no wpr-parallax-no wpr-sticky-section-no parallax_section_no qode_elementor_container_no\" data-id=\"cc24e2a\" data-element_type=\"section\" data-e-type=\"section\" data-settings=\"{&quot;background_background&quot;:&quot;classic&quot;}\">\n\t\t\t\t\t\t<div class=\"elementor-container elementor-column-gap-default\">\n\t\t\t\t\t<div class=\"elementor-column elementor-col-100 elementor-top-column elementor-element elementor-element-81a97f4\" data-id=\"81a97f4\" data-element_type=\"column\" data-e-type=\"column\">\n\t\t\t<div class=\"elementor-widget-wrap elementor-element-populated\">\n\t\t\t\t\t\t<div class=\"elementor-element elementor-element-67bb5ed elementor-widget elementor-widget-image\" data-id=\"67bb5ed\" data-element_type=\"widget\" data-e-type=\"widget\" data-widget_type=\"image.default\">\n\t\t\t\t<div class=\"elementor-widget-container\">\n\t\t\t\t\t\t\t\t\t\t\t\t\t\t\t<img fetchpriority=\"high\" decoding=\"async\" width=\"668\" height=\"667\" src=\"https:\/\/atelier-moneo.be\/wp-content\/uploads\/2022\/11\/lololo-e1667411715163.png\" class=\"attachment-full size-full wp-image-20230\" alt=\"\" srcset=\"https:\/\/atelier-moneo.be\/wp-content\/uploads\/2022\/11\/lololo-e1667411715163.png 668w, https:\/\/atelier-moneo.be\/wp-content\/uploads\/2022\/11\/lololo-e1667411715163-300x300.png 300w, https:\/\/atelier-moneo.be\/wp-content\/uploads\/2022\/11\/lololo-e1667411715163-150x150.png 150w, https:\/\/atelier-moneo.be\/wp-content\/uploads\/2022\/11\/lololo-e1667411715163-570x570.png 570w, https:\/\/atelier-moneo.be\/wp-content\/uploads\/2022\/11\/lololo-e1667411715163-500x500.png 500w\" sizes=\"(max-width: 668px) 100vw, 668px\" \/>\t\t\t\t\t\t\t\t\t\t\t\t\t\t\t<\/div>\n\t\t\t\t<\/div>\n\t\t\t\t\t<\/div>\n\t\t<\/div>\n\t\t\t\t\t<\/div>\n\t\t<\/section>\n\t\t\t\t<section class=\"elementor-section elementor-top-section elementor-element elementor-element-5f9534a elementor-section-boxed elementor-section-height-default elementor-section-height-default wpr-particle-no wpr-jarallax-no wpr-parallax-no wpr-sticky-section-no parallax_section_no qode_elementor_container_no\" data-id=\"5f9534a\" data-element_type=\"section\" data-e-type=\"section\" data-settings=\"{&quot;background_background&quot;:&quot;classic&quot;}\">\n\t\t\t\t\t\t<div class=\"elementor-container elementor-column-gap-default\">\n\t\t\t\t\t<div class=\"elementor-column elementor-col-50 elementor-top-column elementor-element elementor-element-14f0d69\" data-id=\"14f0d69\" data-element_type=\"column\" data-e-type=\"column\">\n\t\t\t<div class=\"elementor-widget-wrap elementor-element-populated\">\n\t\t\t\t\t\t<div class=\"elementor-element elementor-element-f1b7e14 elementor-widget elementor-widget-heading\" data-id=\"f1b7e14\" data-element_type=\"widget\" data-e-type=\"widget\" data-widget_type=\"heading.default\">\n\t\t\t\t<div class=\"elementor-widget-container\">\n\t\t\t\t\t<div class=\"elementor-heading-title elementor-size-default\">L\u2019 atelier mone\u014d est un atelier d'architecture, sp\u00e9cialis\u00e9 dans la r\u00e9novation et la restauration.<br><br>\n\n\nDirig\u00e9 par l\u2019architecte Jos\u00e9 Alberto Solinis Carrera, celui-ci propose une pratique qui s\u2019appuie sur une lecture sp\u00e9cifique du patrimoine b\u00e2ti et naturel et des relations qu\u2019ils entretiennent avec les contextes culturels, sociaux et environnementaux actuels.<br>\n<br>\nLa philosophie du bureau se charpente sur une m\u00e9thodologie sp\u00e9cifique aux objets, b\u00e2timents et sites patrimoniaux que ce soit en restauration\/conservation qu\u2019en r\u00e9novation.<br><br>\n\n\nUne lecture artistique, scientifique, historique et arch\u00e9ologique rigoureuse.<\/div>\t\t\t\t<\/div>\n\t\t\t\t<\/div>\n\t\t\t\t\t<\/div>\n\t\t<\/div>\n\t\t\t\t<div class=\"elementor-column elementor-col-50 elementor-top-column elementor-element elementor-element-9d5b223\" data-id=\"9d5b223\" data-element_type=\"column\" data-e-type=\"column\">\n\t\t\t<div class=\"elementor-widget-wrap elementor-element-populated\">\n\t\t\t\t\t\t<div class=\"elementor-element elementor-element-1426f0c elementor-widget elementor-widget-heading\" data-id=\"1426f0c\" data-element_type=\"widget\" data-e-type=\"widget\" data-widget_type=\"heading.default\">\n\t\t\t\t<div class=\"elementor-widget-container\">\n\t\t\t\t\t<div class=\"elementor-heading-title elementor-size-default\">Une analyse fine des syst\u00e8mes constructifs et des mat\u00e9riaux anciens.\n<br>\n\n\n\n<br>\n\nLa collaboration des meilleurs artisans et scientifiques.\nUne conception actuelle en r\u00e9sonance avec le lieu, ses qualit\u00e9s historiques et mat\u00e9rielles, les meilleurs savoir-faire participant \u00e0 la coh\u00e9rence de l\u2019ensemble.<br>\n\n<br>\n\n\n<br>\nUne attention particuli\u00e8re \u00e0 l'atmosph\u00e8re, \u00e0 l'esprit du lieu, \u00e0 sa stratification historique et stylistique.<br>\n\n\n\n\n<br>Une approche minutieuse recherchant la durabilit\u00e9 et la qualit\u00e9 des mat\u00e9riaux et mises en oeuvre, focalis\u00e9e sur une v\u00e9ritable soutenabilit\u00e9 du projet en ne se contentant pas de solutions standardis\u00e9es.<\/div>\t\t\t\t<\/div>\n\t\t\t\t<\/div>\n\t\t\t\t\t<\/div>\n\t\t<\/div>\n\t\t\t\t\t<\/div>\n\t\t<\/section>\n\t\t\t\t<section class=\"elementor-section elementor-top-section elementor-element elementor-element-3bc265b elementor-section-boxed elementor-section-height-default elementor-section-height-default wpr-particle-no wpr-jarallax-no wpr-parallax-no wpr-sticky-section-no parallax_section_no qode_elementor_container_no\" data-id=\"3bc265b\" data-element_type=\"section\" data-e-type=\"section\" data-settings=\"{&quot;background_background&quot;:&quot;classic&quot;}\">\n\t\t\t\t\t\t<div class=\"elementor-container elementor-column-gap-default\">\n\t\t\t\t\t<div class=\"elementor-column elementor-col-100 elementor-top-column elementor-element elementor-element-032af58\" data-id=\"032af58\" data-element_type=\"column\" data-e-type=\"column\">\n\t\t\t<div class=\"elementor-widget-wrap elementor-element-populated\">\n\t\t\t\t\t\t<div class=\"elementor-element elementor-element-1a9eaaf elementor-widget elementor-widget-heading\" data-id=\"1a9eaaf\" data-element_type=\"widget\" data-e-type=\"widget\" data-widget_type=\"heading.default\">\n\t\t\t\t<div class=\"elementor-widget-container\">\n\t\t\t\t\t<div class=\"elementor-heading-title elementor-size-default\">Ces choix cibl\u00e9s, rigoureux et cr\u00e9atifs permettent \u00e0 l\u2019atelier mone\u014d de proposer des approches innovantes, transversales et adapt\u00e9es au b\u00e2ti ancien et au patrimoine class\u00e9e.\n\n\n\n\n<br>\n<br>L\u2019approche patrimoniale de l'atelier <span>mone\u014d<\/span> concr\u00e9tise une ligne de joyeuse et sereine conception induisant un r\u00e9sultat esth\u00e9tique actuel adapt\u00e9 au patrimoine et au b\u00e2ti ancien.<\/div>\t\t\t\t<\/div>\n\t\t\t\t<\/div>\n\t\t\t\t\t<\/div>\n\t\t<\/div>\n\t\t\t\t\t<\/div>\n\t\t<\/section>\n\t\t\t\t<section class=\"elementor-section elementor-top-section elementor-element elementor-element-bc2839d elementor-section-boxed elementor-section-height-default elementor-section-height-default wpr-particle-no wpr-jarallax-no wpr-parallax-no wpr-sticky-section-no parallax_section_no qode_elementor_container_no\" data-id=\"bc2839d\" data-element_type=\"section\" data-e-type=\"section\" data-settings=\"{&quot;background_background&quot;:&quot;classic&quot;}\">\n\t\t\t\t\t\t<div class=\"elementor-container elementor-column-gap-default\">\n\t\t\t\t\t<div class=\"elementor-column elementor-col-100 elementor-top-column elementor-element elementor-element-e3cfbcb\" data-id=\"e3cfbcb\" data-element_type=\"column\" data-e-type=\"column\">\n\t\t\t<div class=\"elementor-widget-wrap elementor-element-populated\">\n\t\t\t\t\t\t<div class=\"elementor-element elementor-element-b572e5d elementor-widget elementor-widget-image\" data-id=\"b572e5d\" data-element_type=\"widget\" data-e-type=\"widget\" data-widget_type=\"image.default\">\n\t\t\t\t<div class=\"elementor-widget-container\">\n\t\t\t\t\t\t\t\t\t\t\t\t\t\t\t<img decoding=\"async\" width=\"688\" height=\"688\" src=\"https:\/\/atelier-moneo.be\/wp-content\/uploads\/2022\/11\/MONEOLOGODEFbio_Plan-de-travail-1.png\" class=\"attachment-full size-full wp-image-20668\" alt=\"\" srcset=\"https:\/\/atelier-moneo.be\/wp-content\/uploads\/2022\/11\/MONEOLOGODEFbio_Plan-de-travail-1.png 688w, https:\/\/atelier-moneo.be\/wp-content\/uploads\/2022\/11\/MONEOLOGODEFbio_Plan-de-travail-1-300x300.png 300w, https:\/\/atelier-moneo.be\/wp-content\/uploads\/2022\/11\/MONEOLOGODEFbio_Plan-de-travail-1-150x150.png 150w, https:\/\/atelier-moneo.be\/wp-content\/uploads\/2022\/11\/MONEOLOGODEFbio_Plan-de-travail-1-570x570.png 570w, https:\/\/atelier-moneo.be\/wp-content\/uploads\/2022\/11\/MONEOLOGODEFbio_Plan-de-travail-1-500x500.png 500w\" sizes=\"(max-width: 688px) 100vw, 688px\" \/>\t\t\t\t\t\t\t\t\t\t\t\t\t\t\t<\/div>\n\t\t\t\t<\/div>\n\t\t\t\t\t<\/div>\n\t\t<\/div>\n\t\t\t\t\t<\/div>\n\t\t<\/section>\n\t\t\t\t<section class=\"elementor-section elementor-top-section elementor-element elementor-element-40816e8 elementor-section-boxed elementor-section-height-default elementor-section-height-default wpr-particle-no wpr-jarallax-no wpr-parallax-no wpr-sticky-section-no parallax_section_no qode_elementor_container_no\" data-id=\"40816e8\" data-element_type=\"section\" data-e-type=\"section\" data-settings=\"{&quot;background_background&quot;:&quot;classic&quot;}\">\n\t\t\t\t\t\t<div class=\"elementor-container elementor-column-gap-default\">\n\t\t\t\t\t<div class=\"elementor-column elementor-col-50 elementor-top-column elementor-element elementor-element-be8daee\" data-id=\"be8daee\" data-element_type=\"column\" data-e-type=\"column\">\n\t\t\t<div class=\"elementor-widget-wrap elementor-element-populated\">\n\t\t\t\t\t\t<div class=\"elementor-element elementor-element-53d3035 elementor-widget elementor-widget-heading\" data-id=\"53d3035\" data-element_type=\"widget\" data-e-type=\"widget\" data-widget_type=\"heading.default\">\n\t\t\t\t<div class=\"elementor-widget-container\">\n\t\t\t\t\t<div class=\"elementor-heading-title elementor-size-default\">Jos\u00e9 Alberto Solinis Carrera est architecte, dipl\u00f4m\u00e9 de l\u2019Institut Sup\u00e9rieur d\u2019architecture Victor Horta (ISAVH) \u00e0 Bruxelles en 2003. \n<br><br>\n\n\nIl entame sa carri\u00e8re professionnelle en urbanisme et r\u00e9alise en parall\u00e8le un Master en Urbanisme, R\u00e9novation Urbaine et Rurale \u00e0 l\u2019Institut d\u2019Urbanisme et d\u2019Am\u00e9nagement du Territoire (IUAT) de l\u2019Universit\u00e9 Libre de Bruxelles. <br><br>Au sein du bureau Agora, il participera \u00e0 diff\u00e9rents projets, dont la prolongation du tram ligne Otan, la restauration des \u00e9tangs Mellaerts, du Parc Josaphat et la mise en place de diff\u00e9rents contrats de quartier.\n<br><br>\nIl rejoindra quelques ann\u00e9es plus tard le bureau d\u2019architecture d\u2019un de ses professeurs, l\u2019architecte Victor Levy, avec qui, il r\u00e9alise plusieurs projets de r\u00e9novation et d\u2019am\u00e9nagement int\u00e9rieur, ainsi que des projets de logements publics dans le cadre de contrats de quartiers en r\u00e9gion bruxelloise. <\/div>\t\t\t\t<\/div>\n\t\t\t\t<\/div>\n\t\t\t\t\t<\/div>\n\t\t<\/div>\n\t\t\t\t<div class=\"elementor-column elementor-col-50 elementor-top-column elementor-element elementor-element-7127b13\" data-id=\"7127b13\" data-element_type=\"column\" data-e-type=\"column\">\n\t\t\t<div class=\"elementor-widget-wrap elementor-element-populated\">\n\t\t\t\t\t\t<div class=\"elementor-element elementor-element-0870825 elementor-widget elementor-widget-heading\" data-id=\"0870825\" data-element_type=\"widget\" data-e-type=\"widget\" data-widget_type=\"heading.default\">\n\t\t\t\t<div class=\"elementor-widget-container\">\n\t\t\t\t\t<div class=\"elementor-heading-title elementor-size-default\">En 2009, il entame son premier projet de restauration. Ce premier projet sera la restauration de l'entr\u00e9e Art-D\u00e9co du Parc Duden en R\u00e9gion bruxelloise et fera partie de l'\u00e9dition 2011 des Journ\u00e9es du Patrimoine.<br><br>Depuis 2015, Jos\u00e9 Alberto Solinis Carrera est professeur titulaire de l\u2019atelier de projet d\u2019Architecture \/ Construction (pratique) et de l'atelier <span>de projet <\/span>de R\u00e9novation \u00e0 l\u2019Acad\u00e9mie Royale des Beaux-Arts - \u00c9cole sup\u00e9rieure des arts \u2013 de la Ville de Bruxelles. <br><br>Depuis 2020, professeur invit\u00e9, responsable du module de \u00ab Conservation, r\u00e9novation et restauration du b\u00e2ti existant \u00bb pour l\u2019Ex\u00e9cutive Master en Interior Design Management du C I R P C - Centre International de Recherche sur les Pratiques de Cr\u00e9ation. (Arba-Esa)<br><br>En 2019, il obtient un Ex\u00e9cutive Master en Patrimoine architectural au Centre Paul Philippot H\u00e9ritage de la Facult\u00e9 d\u2019Architecture LaCambre-Horta de l\u2019Universit\u00e9 Libre de Bruxelles.<\/div>\t\t\t\t<\/div>\n\t\t\t\t<\/div>\n\t\t\t\t\t<\/div>\n\t\t<\/div>\n\t\t\t\t\t<\/div>\n\t\t<\/section>\n\t\t\t\t<section class=\"elementor-section elementor-top-section elementor-element elementor-element-cd29683 elementor-section-boxed elementor-section-height-default elementor-section-height-default wpr-particle-no wpr-jarallax-no wpr-parallax-no wpr-sticky-section-no parallax_section_no qode_elementor_container_no\" data-id=\"cd29683\" data-element_type=\"section\" data-e-type=\"section\" data-settings=\"{&quot;background_background&quot;:&quot;classic&quot;}\">\n\t\t\t\t\t\t<div class=\"elementor-container elementor-column-gap-default\">\n\t\t\t\t\t<div class=\"elementor-column elementor-col-100 elementor-top-column elementor-element elementor-element-8f2feab\" data-id=\"8f2feab\" data-element_type=\"column\" data-e-type=\"column\">\n\t\t\t<div class=\"elementor-widget-wrap elementor-element-populated\">\n\t\t\t\t\t\t<div class=\"elementor-element elementor-element-6b99625 elementor-widget elementor-widget-heading\" data-id=\"6b99625\" data-element_type=\"widget\" data-e-type=\"widget\" data-widget_type=\"heading.default\">\n\t\t\t\t<div class=\"elementor-widget-container\">\n\t\t\t\t\t<div class=\"elementor-heading-title elementor-size-default\">Jos\u00e9 Alberto Solinis Carrera voit dans la r\u00e9novation, la restauration et la conservation une approche sereine et de joyeuse conception adapt\u00e9e aux enjeux actuels de la soci\u00e9t\u00e9.<\/div>\t\t\t\t<\/div>\n\t\t\t\t<\/div>\n\t\t\t\t\t<\/div>\n\t\t<\/div>\n\t\t\t\t\t<\/div>\n\t\t<\/section>\n\t\t\t\t<section class=\"elementor-section elementor-top-section elementor-element elementor-element-d0ccda2 elementor-section-height-min-height elementor-section-boxed elementor-section-height-default elementor-section-items-middle wpr-particle-no wpr-jarallax-no wpr-parallax-no wpr-sticky-section-no parallax_section_no qode_elementor_container_no\" data-id=\"d0ccda2\" data-element_type=\"section\" data-e-type=\"section\" data-settings=\"{&quot;background_background&quot;:&quot;classic&quot;}\">\n\t\t\t\t\t\t<div class=\"elementor-container elementor-column-gap-default\">\n\t\t\t\t\t<div class=\"elementor-column elementor-col-100 elementor-top-column elementor-element elementor-element-73668b9\" data-id=\"73668b9\" data-element_type=\"column\" data-e-type=\"column\">\n\t\t\t<div class=\"elementor-widget-wrap elementor-element-populated\">\n\t\t\t\t\t\t<div class=\"elementor-element elementor-element-9a2c29a elementor-widget elementor-widget-image\" data-id=\"9a2c29a\" data-element_type=\"widget\" data-e-type=\"widget\" data-widget_type=\"image.default\">\n\t\t\t\t<div class=\"elementor-widget-container\">\n\t\t\t\t\t\t\t\t\t\t\t\t\t\t\t<img decoding=\"async\" width=\"688\" height=\"688\" src=\"https:\/\/atelier-moneo.be\/wp-content\/uploads\/2022\/11\/MoneoLogoBasPageBleu_Plan-de-travail-1_Plan-de-travail-1.png\" class=\"attachment-full size-full wp-image-20419\" alt=\"\" srcset=\"https:\/\/atelier-moneo.be\/wp-content\/uploads\/2022\/11\/MoneoLogoBasPageBleu_Plan-de-travail-1_Plan-de-travail-1.png 688w, https:\/\/atelier-moneo.be\/wp-content\/uploads\/2022\/11\/MoneoLogoBasPageBleu_Plan-de-travail-1_Plan-de-travail-1-300x300.png 300w, https:\/\/atelier-moneo.be\/wp-content\/uploads\/2022\/11\/MoneoLogoBasPageBleu_Plan-de-travail-1_Plan-de-travail-1-150x150.png 150w, https:\/\/atelier-moneo.be\/wp-content\/uploads\/2022\/11\/MoneoLogoBasPageBleu_Plan-de-travail-1_Plan-de-travail-1-570x570.png 570w, https:\/\/atelier-moneo.be\/wp-content\/uploads\/2022\/11\/MoneoLogoBasPageBleu_Plan-de-travail-1_Plan-de-travail-1-500x500.png 500w\" sizes=\"(max-width: 688px) 100vw, 688px\" \/>\t\t\t\t\t\t\t\t\t\t\t\t\t\t\t<\/div>\n\t\t\t\t<\/div>\n\t\t\t\t\t<\/div>\n\t\t<\/div>\n\t\t\t\t\t<\/div>\n\t\t<\/section>\n\t\t\t\t<\/div>\n\t\t","protected":false},"excerpt":{"rendered":"<p>Linkedin atelier mone\u014d architecture &amp; patrimoine L\u2019 atelier mone\u014d est&#8230;<\/p>\n","protected":false},"author":2,"featured_media":0,"parent":0,"menu_order":0,"comment_status":"closed","ping_status":"closed","template":"elementor_header_footer","meta":{"footnotes":""},"class_list":["post-16270","page","type-page","status-publish","hentry"],"_links":{"self":[{"href":"https:\/\/atelier-moneo.be\/index.php\/wp-json\/wp\/v2\/pages\/16270","targetHints":{"allow":["GET"]}}],"collection":[{"href":"https:\/\/atelier-moneo.be\/index.php\/wp-json\/wp\/v2\/pages"}],"about":[{"href":"https:\/\/atelier-moneo.be\/index.php\/wp-json\/wp\/v2\/types\/page"}],"author":[{"embeddable":true,"href":"https:\/\/atelier-moneo.be\/index.php\/wp-json\/wp\/v2\/users\/2"}],"replies":[{"embeddable":true,"href":"https:\/\/atelier-moneo.be\/index.php\/wp-json\/wp\/v2\/comments?post=16270"}],"version-history":[{"count":212,"href":"https:\/\/atelier-moneo.be\/index.php\/wp-json\/wp\/v2\/pages\/16270\/revisions"}],"predecessor-version":[{"id":22248,"href":"https:\/\/atelier-moneo.be\/index.php\/wp-json\/wp\/v2\/pages\/16270\/revisions\/22248"}],"wp:attachment":[{"href":"https:\/\/atelier-moneo.be\/index.php\/wp-json\/wp\/v2\/media?parent=16270"}],"curies":[{"name":"wp","href":"https:\/\/api.w.org\/{rel}","templated":true}]}}