{"id":16629,"date":"2020-12-24T15:58:39","date_gmt":"2020-12-24T14:58:39","guid":{"rendered":"http:\/\/atelier-moneo.be\/?page_id=16629"},"modified":"2026-04-19T14:10:13","modified_gmt":"2026-04-19T12:10:13","slug":"recherche-2021","status":"publish","type":"page","link":"https:\/\/atelier-moneo.be\/index.php\/recherche-2021\/","title":{"rendered":"&#8230; nos \u00e9tudes"},"content":{"rendered":"\t\t<div data-elementor-type=\"wp-page\" data-elementor-id=\"16629\" class=\"elementor elementor-16629\" data-elementor-post-type=\"page\">\n\t\t\t\t\t\t<section class=\"elementor-section elementor-top-section elementor-element elementor-element-3fecfb8 elementor-section-height-min-height elementor-section-content-middle elementor-section-boxed elementor-section-height-default elementor-section-items-middle wpr-particle-no wpr-jarallax-no wpr-parallax-no wpr-sticky-section-no parallax_section_no qode_elementor_container_no\" data-id=\"3fecfb8\" data-element_type=\"section\" data-e-type=\"section\" data-settings=\"{&quot;background_background&quot;:&quot;classic&quot;}\">\n\t\t\t\t\t\t<div class=\"elementor-container elementor-column-gap-default\">\n\t\t\t\t\t<div class=\"elementor-column elementor-col-100 elementor-top-column elementor-element elementor-element-51f63c3\" data-id=\"51f63c3\" data-element_type=\"column\" data-e-type=\"column\">\n\t\t\t<div class=\"elementor-widget-wrap elementor-element-populated\">\n\t\t\t\t\t\t<div class=\"elementor-element elementor-element-20c512c elementor-view-default elementor-widget elementor-widget-icon\" data-id=\"20c512c\" data-element_type=\"widget\" data-e-type=\"widget\" data-widget_type=\"icon.default\">\n\t\t\t\t<div class=\"elementor-widget-container\">\n\t\t\t\t\t\t\t<div class=\"elementor-icon-wrapper\">\n\t\t\t<div class=\"elementor-icon elementor-animation-push\">\n\t\t\t<i aria-hidden=\"true\" class=\"fas fa-file-pdf\"><\/i>\t\t\t<\/div>\n\t\t<\/div>\n\t\t\t\t\t\t<\/div>\n\t\t\t\t<\/div>\n\t\t\t\t\t<\/div>\n\t\t<\/div>\n\t\t\t\t\t<\/div>\n\t\t<\/section>\n\t\t\t\t<section class=\"elementor-section elementor-top-section elementor-element elementor-element-396cff7 elementor-section-boxed elementor-section-height-default elementor-section-height-default wpr-particle-no wpr-jarallax-no wpr-parallax-no wpr-sticky-section-no parallax_section_no qode_elementor_container_no\" data-id=\"396cff7\" data-element_type=\"section\" data-e-type=\"section\" data-settings=\"{&quot;background_background&quot;:&quot;classic&quot;}\">\n\t\t\t\t\t\t<div class=\"elementor-container elementor-column-gap-default\">\n\t\t\t\t\t<div class=\"elementor-column elementor-col-100 elementor-top-column elementor-element elementor-element-3dc52dd\" data-id=\"3dc52dd\" data-element_type=\"column\" data-e-type=\"column\">\n\t\t\t<div class=\"elementor-widget-wrap elementor-element-populated\">\n\t\t\t\t\t\t<div class=\"elementor-element elementor-element-d738396 elementor-grid-3 elementor-grid-tablet-2 elementor-grid-mobile-1 elementor-widget elementor-widget-portfolio\" data-id=\"d738396\" data-element_type=\"widget\" data-e-type=\"widget\" data-settings=\"{&quot;row_gap&quot;:{&quot;unit&quot;:&quot;px&quot;,&quot;size&quot;:30,&quot;sizes&quot;:[]},&quot;item_ratio&quot;:{&quot;unit&quot;:&quot;px&quot;,&quot;size&quot;:1,&quot;sizes&quot;:[]},&quot;columns&quot;:&quot;3&quot;,&quot;columns_tablet&quot;:&quot;2&quot;,&quot;columns_mobile&quot;:&quot;1&quot;,&quot;item_gap&quot;:{&quot;unit&quot;:&quot;px&quot;,&quot;size&quot;:&quot;&quot;,&quot;sizes&quot;:[]}}\" data-widget_type=\"portfolio.default\">\n\t\t\t\t<div class=\"elementor-widget-container\">\n\t\t\t\t\t\t\t<div class=\"elementor-portfolio elementor-grid elementor-posts-container\" role=\"list\">\n\t\t\t\t<article class=\"elementor-portfolio-item elementor-post elementor-filter-451 elementor-filter-447 post-20681 portfolio_page type-portfolio_page status-publish has-post-thumbnail hentry portfolio_category-etude portfolio_tag-monument-classe portfolio_tag-restauration\" role=\"listitem\">\n\t\t\t<a class=\"elementor-post__thumbnail__link\" href=\"https:\/\/atelier-moneo.be\/index.php\/portfolio_page\/villa-coene\/\">\n\t\t\t\t<div class=\"elementor-portfolio-item__img elementor-post__thumbnail\">\n\t\t\t<img fetchpriority=\"high\" decoding=\"async\" width=\"500\" height=\"500\" src=\"https:\/\/atelier-moneo.be\/wp-content\/uploads\/2022\/11\/Capture-de\u0301cran-2022-11-06-a\u0300-16.22.39-500x500.jpg\" class=\"attachment-portfolio_masonry_regular size-portfolio_masonry_regular wp-image-20683\" alt=\"\" srcset=\"https:\/\/atelier-moneo.be\/wp-content\/uploads\/2022\/11\/Capture-de\u0301cran-2022-11-06-a\u0300-16.22.39-500x500.jpg 500w, https:\/\/atelier-moneo.be\/wp-content\/uploads\/2022\/11\/Capture-de\u0301cran-2022-11-06-a\u0300-16.22.39-150x150.jpg 150w, https:\/\/atelier-moneo.be\/wp-content\/uploads\/2022\/11\/Capture-de\u0301cran-2022-11-06-a\u0300-16.22.39-570x570.jpg 570w, https:\/\/atelier-moneo.be\/wp-content\/uploads\/2022\/11\/Capture-de\u0301cran-2022-11-06-a\u0300-16.22.39-1000x1000.jpg 1000w\" sizes=\"(max-width: 500px) 100vw, 500px\" \/>\t\t<\/div>\n\t\t\t\t<div class=\"elementor-portfolio-item__overlay\">\n\t\t\t\t<h4 class=\"elementor-portfolio-item__title\">\n\t\tVilla Coene\t\t<\/h4>\n\t\t\t\t<\/div>\n\t\t\t\t<\/a>\n\t\t<\/article>\n\t\t\t\t<article class=\"elementor-portfolio-item elementor-post elementor-filter-445 elementor-filter-451 post-17953 portfolio_page type-portfolio_page status-publish has-post-thumbnail hentry portfolio_category-etude portfolio_tag-etude-sanitaire portfolio_tag-monument-classe\" role=\"listitem\">\n\t\t\t<a class=\"elementor-post__thumbnail__link\" href=\"https:\/\/atelier-moneo.be\/index.php\/portfolio_page\/enceinte-de-bruxelles\/\">\n\t\t\t\t<div class=\"elementor-portfolio-item__img elementor-post__thumbnail\">\n\t\t\t<img decoding=\"async\" width=\"500\" height=\"500\" src=\"https:\/\/atelier-moneo.be\/wp-content\/uploads\/2022\/02\/1er_enceintenb-500x500.jpg\" class=\"attachment-portfolio_masonry_regular size-portfolio_masonry_regular wp-image-20037\" alt=\"\" srcset=\"https:\/\/atelier-moneo.be\/wp-content\/uploads\/2022\/02\/1er_enceintenb-500x500.jpg 500w, https:\/\/atelier-moneo.be\/wp-content\/uploads\/2022\/02\/1er_enceintenb-150x150.jpg 150w, https:\/\/atelier-moneo.be\/wp-content\/uploads\/2022\/02\/1er_enceintenb-570x570.jpg 570w\" sizes=\"(max-width: 500px) 100vw, 500px\" \/>\t\t<\/div>\n\t\t\t\t<div class=\"elementor-portfolio-item__overlay\">\n\t\t\t\t<h4 class=\"elementor-portfolio-item__title\">\n\t\tVille de Bruxelles * Premi\u00e8re enceinte\t\t<\/h4>\n\t\t\t\t<\/div>\n\t\t\t\t<\/a>\n\t\t<\/article>\n\t\t\t\t<article class=\"elementor-portfolio-item elementor-post elementor-filter-451 elementor-filter-447 post-17951 portfolio_page type-portfolio_page status-publish has-post-thumbnail hentry portfolio_category-etude portfolio_tag-monument-classe portfolio_tag-restauration\" role=\"listitem\">\n\t\t\t<a class=\"elementor-post__thumbnail__link\" href=\"https:\/\/atelier-moneo.be\/index.php\/portfolio_page\/chateau-de-mozet\/\">\n\t\t\t\t<div class=\"elementor-portfolio-item__img elementor-post__thumbnail\">\n\t\t\t<img decoding=\"async\" width=\"500\" height=\"500\" src=\"https:\/\/atelier-moneo.be\/wp-content\/uploads\/2022\/02\/Vignette_MozetNB-500x500.jpg\" class=\"attachment-portfolio_masonry_regular size-portfolio_masonry_regular wp-image-20050\" alt=\"\" srcset=\"https:\/\/atelier-moneo.be\/wp-content\/uploads\/2022\/02\/Vignette_MozetNB-500x500.jpg 500w, https:\/\/atelier-moneo.be\/wp-content\/uploads\/2022\/02\/Vignette_MozetNB-150x150.jpg 150w, https:\/\/atelier-moneo.be\/wp-content\/uploads\/2022\/02\/Vignette_MozetNB-570x570.jpg 570w, https:\/\/atelier-moneo.be\/wp-content\/uploads\/2022\/02\/Vignette_MozetNB-1000x1000.jpg 1000w\" sizes=\"(max-width: 500px) 100vw, 500px\" \/>\t\t<\/div>\n\t\t\t\t<div class=\"elementor-portfolio-item__overlay\">\n\t\t\t\t<h4 class=\"elementor-portfolio-item__title\">\n\t\tGesves * Domaine de Mozet\t\t<\/h4>\n\t\t\t\t<\/div>\n\t\t\t\t<\/a>\n\t\t<\/article>\n\t\t\t\t<article class=\"elementor-portfolio-item elementor-post  post-17072 portfolio_page type-portfolio_page status-publish has-post-thumbnail hentry portfolio_category-etude\" role=\"listitem\">\n\t\t\t<a class=\"elementor-post__thumbnail__link\" href=\"https:\/\/atelier-moneo.be\/index.php\/portfolio_page\/education-fiche-renovation\/\">\n\t\t\t\t<div class=\"elementor-portfolio-item__img elementor-post__thumbnail\">\n\t\t\t<img loading=\"lazy\" decoding=\"async\" width=\"500\" height=\"500\" src=\"https:\/\/atelier-moneo.be\/wp-content\/uploads\/2022\/02\/quadriptiqueNB-500x500.png\" class=\"attachment-portfolio_masonry_regular size-portfolio_masonry_regular wp-image-20038\" alt=\"\" srcset=\"https:\/\/atelier-moneo.be\/wp-content\/uploads\/2022\/02\/quadriptiqueNB-500x500.png 500w, https:\/\/atelier-moneo.be\/wp-content\/uploads\/2022\/02\/quadriptiqueNB-150x150.png 150w, https:\/\/atelier-moneo.be\/wp-content\/uploads\/2022\/02\/quadriptiqueNB-570x570.png 570w, https:\/\/atelier-moneo.be\/wp-content\/uploads\/2022\/02\/quadriptiqueNB-1000x1000.png 1000w\" sizes=\"(max-width: 500px) 100vw, 500px\" \/>\t\t<\/div>\n\t\t\t\t<div class=\"elementor-portfolio-item__overlay\">\n\t\t\t\t<h4 class=\"elementor-portfolio-item__title\">\n\t\tFa\u00e7ades bruxelloises * Quadriptyque\t\t<\/h4>\n\t\t\t\t<\/div>\n\t\t\t\t<\/a>\n\t\t<\/article>\n\t\t\t\t<article class=\"elementor-portfolio-item elementor-post elementor-filter-451 elementor-filter-447 post-15744 portfolio_page type-portfolio_page status-publish has-post-thumbnail hentry portfolio_category-etude portfolio_tag-monument-classe portfolio_tag-restauration\" role=\"listitem\">\n\t\t\t<a class=\"elementor-post__thumbnail__link\" href=\"https:\/\/atelier-moneo.be\/index.php\/portfolio_page\/prieure-de-lermite-chapelle\/\">\n\t\t\t\t<div class=\"elementor-portfolio-item__img elementor-post__thumbnail\">\n\t\t\t<img loading=\"lazy\" decoding=\"async\" width=\"500\" height=\"500\" src=\"https:\/\/atelier-moneo.be\/wp-content\/uploads\/2020\/12\/012nb-500x500.jpg\" class=\"attachment-portfolio_masonry_regular size-portfolio_masonry_regular wp-image-20040\" alt=\"\" srcset=\"https:\/\/atelier-moneo.be\/wp-content\/uploads\/2020\/12\/012nb-500x500.jpg 500w, https:\/\/atelier-moneo.be\/wp-content\/uploads\/2020\/12\/012nb-150x150.jpg 150w, https:\/\/atelier-moneo.be\/wp-content\/uploads\/2020\/12\/012nb-570x570.jpg 570w, https:\/\/atelier-moneo.be\/wp-content\/uploads\/2020\/12\/012nb-1000x1000.jpg 1000w\" sizes=\"(max-width: 500px) 100vw, 500px\" \/>\t\t<\/div>\n\t\t\t\t<div class=\"elementor-portfolio-item__overlay\">\n\t\t\t\t<h4 class=\"elementor-portfolio-item__title\">\n\t\tPrieur\u00e9 de l&rsquo;Ermite * Chapelle\t\t<\/h4>\n\t\t\t\t<\/div>\n\t\t\t\t<\/a>\n\t\t<\/article>\n\t\t\t\t<article class=\"elementor-portfolio-item elementor-post  post-15706 portfolio_page type-portfolio_page status-publish has-post-thumbnail hentry portfolio_category-etude\" role=\"listitem\">\n\t\t\t<a class=\"elementor-post__thumbnail__link\" href=\"https:\/\/atelier-moneo.be\/index.php\/portfolio_page\/parcours-renovation-du-bati-ancien\/\">\n\t\t\t\t<div class=\"elementor-portfolio-item__img elementor-post__thumbnail\">\n\t\t\t<img loading=\"lazy\" decoding=\"async\" width=\"500\" height=\"500\" src=\"https:\/\/atelier-moneo.be\/wp-content\/uploads\/2019\/11\/Diapositivenb-500x500.jpg\" class=\"attachment-portfolio_masonry_regular size-portfolio_masonry_regular wp-image-20042\" alt=\"\" srcset=\"https:\/\/atelier-moneo.be\/wp-content\/uploads\/2019\/11\/Diapositivenb-500x500.jpg 500w, https:\/\/atelier-moneo.be\/wp-content\/uploads\/2019\/11\/Diapositivenb-150x150.jpg 150w, https:\/\/atelier-moneo.be\/wp-content\/uploads\/2019\/11\/Diapositivenb-570x570.jpg 570w, https:\/\/atelier-moneo.be\/wp-content\/uploads\/2019\/11\/Diapositivenb-1000x1000.jpg 1000w\" sizes=\"(max-width: 500px) 100vw, 500px\" \/>\t\t<\/div>\n\t\t\t\t<div class=\"elementor-portfolio-item__overlay\">\n\t\t\t\t<h4 class=\"elementor-portfolio-item__title\">\n\t\tR\u00e9novation du b\u00e2ti ancien * Parcours fa\u00e7ade\t\t<\/h4>\n\t\t\t\t<\/div>\n\t\t\t\t<\/a>\n\t\t<\/article>\n\t\t\t\t<article class=\"elementor-portfolio-item elementor-post elementor-filter-446 elementor-filter-450 post-14957 portfolio_page type-portfolio_page status-publish has-post-thumbnail hentry portfolio_category-etude portfolio_tag-etude-historique portfolio_tag-site-classe\" role=\"listitem\">\n\t\t\t<a class=\"elementor-post__thumbnail__link\" href=\"https:\/\/atelier-moneo.be\/index.php\/portfolio_page\/masterplan\/\">\n\t\t\t\t<div class=\"elementor-portfolio-item__img elementor-post__thumbnail\">\n\t\t\t<img loading=\"lazy\" decoding=\"async\" width=\"500\" height=\"500\" src=\"https:\/\/atelier-moneo.be\/wp-content\/uploads\/2019\/02\/stuyvenbergnb-500x500.jpg\" class=\"attachment-portfolio_masonry_regular size-portfolio_masonry_regular wp-image-20204\" alt=\"\" srcset=\"https:\/\/atelier-moneo.be\/wp-content\/uploads\/2019\/02\/stuyvenbergnb-500x500.jpg 500w, https:\/\/atelier-moneo.be\/wp-content\/uploads\/2019\/02\/stuyvenbergnb-150x150.jpg 150w, https:\/\/atelier-moneo.be\/wp-content\/uploads\/2019\/02\/stuyvenbergnb-570x570.jpg 570w\" sizes=\"(max-width: 500px) 100vw, 500px\" \/>\t\t<\/div>\n\t\t\t\t<div class=\"elementor-portfolio-item__overlay\">\n\t\t\t\t<h4 class=\"elementor-portfolio-item__title\">\n\t\tQuartier Royal Laeken * Serres du Stuyvenberg\t\t<\/h4>\n\t\t\t\t<\/div>\n\t\t\t\t<\/a>\n\t\t<\/article>\n\t\t\t\t<article class=\"elementor-portfolio-item elementor-post elementor-filter-450 post-14972 portfolio_page type-portfolio_page status-publish has-post-thumbnail hentry portfolio_category-etude portfolio_tag-site-classe\" role=\"listitem\">\n\t\t\t<a class=\"elementor-post__thumbnail__link\" href=\"https:\/\/atelier-moneo.be\/index.php\/portfolio_page\/parc-de-woluwe-site-technique\/\">\n\t\t\t\t<div class=\"elementor-portfolio-item__img elementor-post__thumbnail\">\n\t\t\t<img loading=\"lazy\" decoding=\"async\" width=\"500\" height=\"500\" src=\"https:\/\/atelier-moneo.be\/wp-content\/uploads\/2019\/01\/vignetteNB-500x500.jpg\" class=\"attachment-portfolio_masonry_regular size-portfolio_masonry_regular wp-image-20045\" alt=\"\" srcset=\"https:\/\/atelier-moneo.be\/wp-content\/uploads\/2019\/01\/vignetteNB-500x500.jpg 500w, https:\/\/atelier-moneo.be\/wp-content\/uploads\/2019\/01\/vignetteNB-150x150.jpg 150w, https:\/\/atelier-moneo.be\/wp-content\/uploads\/2019\/01\/vignetteNB-570x570.jpg 570w, https:\/\/atelier-moneo.be\/wp-content\/uploads\/2019\/01\/vignetteNB-1000x1000.jpg 1000w\" sizes=\"(max-width: 500px) 100vw, 500px\" \/>\t\t<\/div>\n\t\t\t\t<div class=\"elementor-portfolio-item__overlay\">\n\t\t\t\t<h4 class=\"elementor-portfolio-item__title\">\n\t\tWoluw\u00e9 * Site technique\t\t<\/h4>\n\t\t\t\t<\/div>\n\t\t\t\t<\/a>\n\t\t<\/article>\n\t\t\t\t<article class=\"elementor-portfolio-item elementor-post  post-15068 portfolio_page type-portfolio_page status-publish has-post-thumbnail hentry portfolio_category-etude\" role=\"listitem\">\n\t\t\t<a class=\"elementor-post__thumbnail__link\" href=\"https:\/\/atelier-moneo.be\/index.php\/portfolio_page\/forges-de-jette\/\">\n\t\t\t\t<div class=\"elementor-portfolio-item__img elementor-post__thumbnail\">\n\t\t\t<img loading=\"lazy\" decoding=\"async\" width=\"500\" height=\"500\" src=\"https:\/\/atelier-moneo.be\/wp-content\/uploads\/2019\/01\/vignetteNB-500x500.jpg\" class=\"attachment-portfolio_masonry_regular size-portfolio_masonry_regular wp-image-20045\" alt=\"\" srcset=\"https:\/\/atelier-moneo.be\/wp-content\/uploads\/2019\/01\/vignetteNB-500x500.jpg 500w, https:\/\/atelier-moneo.be\/wp-content\/uploads\/2019\/01\/vignetteNB-150x150.jpg 150w, https:\/\/atelier-moneo.be\/wp-content\/uploads\/2019\/01\/vignetteNB-570x570.jpg 570w, https:\/\/atelier-moneo.be\/wp-content\/uploads\/2019\/01\/vignetteNB-1000x1000.jpg 1000w\" sizes=\"(max-width: 500px) 100vw, 500px\" \/>\t\t<\/div>\n\t\t\t\t<div class=\"elementor-portfolio-item__overlay\">\n\t\t\t\t<h4 class=\"elementor-portfolio-item__title\">\n\t\tQuartier Roi Baudouin * Forges de Jette\t\t<\/h4>\n\t\t\t\t<\/div>\n\t\t\t\t<\/a>\n\t\t<\/article>\n\t\t\t\t<article class=\"elementor-portfolio-item elementor-post elementor-filter-446 post-15039 portfolio_page type-portfolio_page status-publish has-post-thumbnail hentry portfolio_category-etude portfolio_tag-etude-historique\" role=\"listitem\">\n\t\t\t<a class=\"elementor-post__thumbnail__link\" href=\"https:\/\/atelier-moneo.be\/index.php\/portfolio_page\/bruxsel-paysan-ferme-du-chaudron\/\">\n\t\t\t\t<div class=\"elementor-portfolio-item__img elementor-post__thumbnail\">\n\t\t\t<img loading=\"lazy\" decoding=\"async\" width=\"500\" height=\"500\" src=\"https:\/\/atelier-moneo.be\/wp-content\/uploads\/2017\/05\/Neerpede-500x500.jpg\" class=\"attachment-portfolio_masonry_regular size-portfolio_masonry_regular wp-image-18532\" alt=\"\" srcset=\"https:\/\/atelier-moneo.be\/wp-content\/uploads\/2017\/05\/Neerpede-500x500.jpg 500w, https:\/\/atelier-moneo.be\/wp-content\/uploads\/2017\/05\/Neerpede-150x150.jpg 150w\" sizes=\"(max-width: 500px) 100vw, 500px\" \/>\t\t<\/div>\n\t\t\t\t<div class=\"elementor-portfolio-item__overlay\">\n\t\t\t\t<h4 class=\"elementor-portfolio-item__title\">\n\t\tQuartier du Neerpede * Ferme du Chaudron\t\t<\/h4>\n\t\t\t\t<\/div>\n\t\t\t\t<\/a>\n\t\t<\/article>\n\t\t\t\t<\/div>\n\t\t\t\t\t\t<\/div>\n\t\t\t\t<\/div>\n\t\t\t\t\t<\/div>\n\t\t<\/div>\n\t\t\t\t\t<\/div>\n\t\t<\/section>\n\t\t\t\t<section class=\"elementor-section elementor-top-section elementor-element elementor-element-2c78cf8 elementor-section-height-min-height elementor-section-content-middle elementor-section-boxed elementor-section-height-default elementor-section-items-middle wpr-particle-no wpr-jarallax-no wpr-parallax-no wpr-sticky-section-no parallax_section_no qode_elementor_container_no\" data-id=\"2c78cf8\" data-element_type=\"section\" data-e-type=\"section\" data-settings=\"{&quot;background_background&quot;:&quot;classic&quot;}\">\n\t\t\t\t\t\t<div class=\"elementor-container elementor-column-gap-default\">\n\t\t\t\t\t<div class=\"elementor-column elementor-col-100 elementor-top-column elementor-element elementor-element-55a3132\" data-id=\"55a3132\" data-element_type=\"column\" data-e-type=\"column\">\n\t\t\t<div class=\"elementor-widget-wrap elementor-element-populated\">\n\t\t\t\t\t\t<div class=\"elementor-element elementor-element-8faf8c0 elementor-widget elementor-widget-image\" data-id=\"8faf8c0\" data-element_type=\"widget\" data-e-type=\"widget\" data-widget_type=\"image.default\">\n\t\t\t\t<div class=\"elementor-widget-container\">\n\t\t\t\t\t\t\t\t\t\t\t\t\t\t\t<img loading=\"lazy\" decoding=\"async\" width=\"688\" height=\"688\" src=\"https:\/\/atelier-moneo.be\/wp-content\/uploads\/2022\/11\/MoneoLogoBasPageCorail_Plan-de-travail-1_Plan-de-travail-1_Plan-de-travail-1.png\" class=\"attachment-large size-large wp-image-20424\" alt=\"\" srcset=\"https:\/\/atelier-moneo.be\/wp-content\/uploads\/2022\/11\/MoneoLogoBasPageCorail_Plan-de-travail-1_Plan-de-travail-1_Plan-de-travail-1.png 688w, https:\/\/atelier-moneo.be\/wp-content\/uploads\/2022\/11\/MoneoLogoBasPageCorail_Plan-de-travail-1_Plan-de-travail-1_Plan-de-travail-1-300x300.png 300w, https:\/\/atelier-moneo.be\/wp-content\/uploads\/2022\/11\/MoneoLogoBasPageCorail_Plan-de-travail-1_Plan-de-travail-1_Plan-de-travail-1-150x150.png 150w, https:\/\/atelier-moneo.be\/wp-content\/uploads\/2022\/11\/MoneoLogoBasPageCorail_Plan-de-travail-1_Plan-de-travail-1_Plan-de-travail-1-570x570.png 570w, https:\/\/atelier-moneo.be\/wp-content\/uploads\/2022\/11\/MoneoLogoBasPageCorail_Plan-de-travail-1_Plan-de-travail-1_Plan-de-travail-1-500x500.png 500w\" sizes=\"(max-width: 688px) 100vw, 688px\" \/>\t\t\t\t\t\t\t\t\t\t\t\t\t\t\t<\/div>\n\t\t\t\t<\/div>\n\t\t\t\t\t<\/div>\n\t\t<\/div>\n\t\t\t\t\t<\/div>\n\t\t<\/section>\n\t\t\t\t<\/div>\n\t\t","protected":false},"excerpt":{"rendered":"Ferme du Chaudron etude historique et morphologique Etude historique et...","protected":false},"author":2,"featured_media":0,"parent":0,"menu_order":0,"comment_status":"closed","ping_status":"closed","template":"elementor_header_footer","meta":{"footnotes":""},"class_list":["post-16629","page","type-page","status-publish","hentry"],"_links":{"self":[{"href":"https:\/\/atelier-moneo.be\/index.php\/wp-json\/wp\/v2\/pages\/16629","targetHints":{"allow":["GET"]}}],"collection":[{"href":"https:\/\/atelier-moneo.be\/index.php\/wp-json\/wp\/v2\/pages"}],"about":[{"href":"https:\/\/atelier-moneo.be\/index.php\/wp-json\/wp\/v2\/types\/page"}],"author":[{"embeddable":true,"href":"https:\/\/atelier-moneo.be\/index.php\/wp-json\/wp\/v2\/users\/2"}],"replies":[{"embeddable":true,"href":"https:\/\/atelier-moneo.be\/index.php\/wp-json\/wp\/v2\/comments?post=16629"}],"version-history":[{"count":154,"href":"https:\/\/atelier-moneo.be\/index.php\/wp-json\/wp\/v2\/pages\/16629\/revisions"}],"predecessor-version":[{"id":22264,"href":"https:\/\/atelier-moneo.be\/index.php\/wp-json\/wp\/v2\/pages\/16629\/revisions\/22264"}],"wp:attachment":[{"href":"https:\/\/atelier-moneo.be\/index.php\/wp-json\/wp\/v2\/media?parent=16629"}],"curies":[{"name":"wp","href":"https:\/\/api.w.org\/{rel}","templated":true}]}}